{"id":4724,"date":"2017-11-24T20:39:01","date_gmt":"2017-11-24T20:39:01","guid":{"rendered":"http:\/\/www.inttao.com\/?page_id=4724\/"},"modified":"2020-10-13T14:11:26","modified_gmt":"2020-10-13T14:11:26","slug":"cubus","status":"publish","type":"page","link":"https:\/\/www.inttao.com\/es\/servicios\/cubus\/","title":{"rendered":"Cubus"},"content":{"rendered":"<p>[vc_row][vc_column][vc_empty_space height=\u00bb100px\u00bb][\/vc_column][\/vc_row][vc_row][vc_column width=\u00bb1\/4&#8243;][vc_single_image image=\u00bb4726&#8243; img_size=\u00bbfull\u00bb el_class=\u00bbservice-in-image\u00bb][\/vc_column][vc_column width=\u00bb3\/4&#8243;][vc_column_text]En INTTAO, lo ayudamos en implementar soluciones de negocio utilizando Tableau, integrando la informaci\u00f3n de su oficina, la nube y fuentes de externas en forma <strong>eficiente, segura y compatible<\/strong>.<\/p>\n<p>Nuestro equipo de consultores t\u00e9cnicos y de negocio pueden ayudarlo en consolidar an\u00e1lisis personalizados de informaci\u00f3n e integrarlos en un amplio rango de visualizaciones Tableau <strong>desarrollando dashboards a medida<\/strong> que le permitan una visualizaci\u00f3n r\u00e1pida e intuitiva para poder analizar y tomar mejores decisiones.<\/p>\n<p>Nuestros servicios incluyen:<\/p>\n<ul>\n<li>Preparaci\u00f3n de la informaci\u00f3n y ETLs de integracion para Tableau<\/li>\n<li>Implementaci\u00f3n Tableau Server<\/li>\n<li>Desarrollo a medida de dashboards y vizzes<\/li>\n<li>Publicaci\u00f3n de vizzes en m\u00faltiples dispositivos (internet, tablets, celulares)<\/li>\n<\/ul>\n<p>[\/vc_column_text][\/vc_column][\/vc_row][vc_row][vc_column][vc_empty_space height=\u00bb150px\u00bb][\/vc_column][\/vc_row]<\/p>\n","protected":false},"excerpt":{"rendered":"<p>[vc_row][vc_column][vc_empty_space height=\u00bb100px\u00bb][\/vc_column][\/vc_row][vc_row][vc_column width=\u00bb1\/4&#8243;][vc_single_image image=\u00bb4726&#8243; img_size=\u00bbfull\u00bb el_class=\u00bbservice-in-image\u00bb][\/vc_column][vc_column width=\u00bb3\/4&#8243;][vc_column_text]En INTTAO, lo ayudamos en implementar soluciones de negocio utilizando Tableau, integrando la informaci\u00f3n de su oficina, la nube y fuentes de externas en forma eficiente, segura y compatible. Nuestro equipo de consultores t\u00e9cnicos y de negocio pueden ayudarlo en consolidar an\u00e1lisis personalizados de informaci\u00f3n e integrarlos en un&#8230;<\/p>\n","protected":false},"author":1,"featured_media":4344,"parent":3586,"menu_order":0,"comment_status":"closed","ping_status":"closed","template":"visual-composer.php","meta":[],"_links":{"self":[{"href":"https:\/\/www.inttao.com\/es\/wp-json\/wp\/v2\/pages\/4724"}],"collection":[{"href":"https:\/\/www.inttao.com\/es\/wp-json\/wp\/v2\/pages"}],"about":[{"href":"https:\/\/www.inttao.com\/es\/wp-json\/wp\/v2\/types\/page"}],"author":[{"embeddable":true,"href":"https:\/\/www.inttao.com\/es\/wp-json\/wp\/v2\/users\/1"}],"replies":[{"embeddable":true,"href":"https:\/\/www.inttao.com\/es\/wp-json\/wp\/v2\/comments?post=4724"}],"version-history":[{"count":4,"href":"https:\/\/www.inttao.com\/es\/wp-json\/wp\/v2\/pages\/4724\/revisions"}],"predecessor-version":[{"id":4808,"href":"https:\/\/www.inttao.com\/es\/wp-json\/wp\/v2\/pages\/4724\/revisions\/4808"}],"up":[{"embeddable":true,"href":"https:\/\/www.inttao.com\/es\/wp-json\/wp\/v2\/pages\/3586"}],"wp:featuredmedia":[{"embeddable":true,"href":"https:\/\/www.inttao.com\/es\/wp-json\/wp\/v2\/media\/4344"}],"wp:attachment":[{"href":"https:\/\/www.inttao.com\/es\/wp-json\/wp\/v2\/media?parent=4724"}],"curies":[{"name":"wp","href":"https:\/\/api.w.org\/{rel}","templated":true}]}}