{"id":4252,"date":"2017-05-29T16:21:58","date_gmt":"2017-05-29T16:21:58","guid":{"rendered":"http:\/\/devel.webpartners.es\/inttao\/?page_id=4252\/"},"modified":"2017-05-31T13:51:55","modified_gmt":"2017-05-31T13:51:55","slug":"java","status":"publish","type":"page","link":"https:\/\/www.inttao.com\/es\/servicios\/java\/","title":{"rendered":"Java"},"content":{"rendered":"<p>[vc_row][vc_column][vc_empty_space height=\u00bb100px\u00bb][\/vc_column][\/vc_row][vc_row][vc_column width=\u00bb1\/4&#8243;][vc_single_image image=\u00bb4308&#8243; el_class=\u00bbservice-in-image\u00bb][\/vc_column][vc_column width=\u00bb3\/4&#8243;][vc_column_text]<span style=\"font-weight: 400;\">Gracias a la gran experiencia que tiene nuestros consultores en <strong>JAVA<\/strong>, en Inttao te proporcionamos un <strong>soporte t\u00e9cnico de vanguardia<\/strong> y los mejores servicios de actualizaci\u00f3n para una integraci\u00f3n empresarial r\u00e1pida, segura y eficaz.<\/span><br \/>\n<span style=\"font-weight: 400;\">Desde el dise\u00f1o y la configuraci\u00f3n de SOA <strong>(Service Oriented Architecture)<\/strong>, hasta el desarrollo de aplicaciones personalizadas, el ajuste de rendimiento y la resoluci\u00f3n de problemas. Adem\u00e1s, te garantizamos que tus aplicaciones funcionar\u00e1n perfectamente ante cualquier situaci\u00f3n ya sea cr\u00edtica o no.<\/span>[\/vc_column_text][\/vc_column][\/vc_row][vc_row][vc_column][vc_empty_space height=\u00bb150px\u00bb][\/vc_column][\/vc_row]<\/p>\n","protected":false},"excerpt":{"rendered":"<p>[vc_row][vc_column][vc_empty_space height=\u00bb100px\u00bb][\/vc_column][\/vc_row][vc_row][vc_column width=\u00bb1\/4&#8243;][vc_single_image image=\u00bb4308&#8243; el_class=\u00bbservice-in-image\u00bb][\/vc_column][vc_column width=\u00bb3\/4&#8243;][vc_column_text]Gracias a la gran experiencia que tiene nuestros consultores en JAVA, en Inttao te proporcionamos un soporte t\u00e9cnico de vanguardia y los mejores servicios de actualizaci\u00f3n para una integraci\u00f3n empresarial r\u00e1pida, segura y eficaz. Desde el dise\u00f1o y la configuraci\u00f3n de SOA (Service Oriented Architecture), hasta el desarrollo de aplicaciones&#8230;<\/p>\n","protected":false},"author":1,"featured_media":4344,"parent":3586,"menu_order":0,"comment_status":"closed","ping_status":"closed","template":"","meta":[],"_links":{"self":[{"href":"https:\/\/www.inttao.com\/es\/wp-json\/wp\/v2\/pages\/4252"}],"collection":[{"href":"https:\/\/www.inttao.com\/es\/wp-json\/wp\/v2\/pages"}],"about":[{"href":"https:\/\/www.inttao.com\/es\/wp-json\/wp\/v2\/types\/page"}],"author":[{"embeddable":true,"href":"https:\/\/www.inttao.com\/es\/wp-json\/wp\/v2\/users\/1"}],"replies":[{"embeddable":true,"href":"https:\/\/www.inttao.com\/es\/wp-json\/wp\/v2\/comments?post=4252"}],"version-history":[{"count":4,"href":"https:\/\/www.inttao.com\/es\/wp-json\/wp\/v2\/pages\/4252\/revisions"}],"predecessor-version":[{"id":4390,"href":"https:\/\/www.inttao.com\/es\/wp-json\/wp\/v2\/pages\/4252\/revisions\/4390"}],"up":[{"embeddable":true,"href":"https:\/\/www.inttao.com\/es\/wp-json\/wp\/v2\/pages\/3586"}],"wp:featuredmedia":[{"embeddable":true,"href":"https:\/\/www.inttao.com\/es\/wp-json\/wp\/v2\/media\/4344"}],"wp:attachment":[{"href":"https:\/\/www.inttao.com\/es\/wp-json\/wp\/v2\/media?parent=4252"}],"curies":[{"name":"wp","href":"https:\/\/api.w.org\/{rel}","templated":true}]}}