{"id":4248,"date":"2017-05-29T16:16:42","date_gmt":"2017-05-29T16:16:42","guid":{"rendered":"http:\/\/devel.webpartners.es\/inttao\/?page_id=4248\/"},"modified":"2017-10-04T16:07:30","modified_gmt":"2017-10-04T16:07:30","slug":"net","status":"publish","type":"page","link":"https:\/\/www.inttao.com\/es\/servicios\/net\/","title":{"rendered":".NET"},"content":{"rendered":"<p>[vc_row][vc_column][vc_empty_space height=\u00bb100px\u00bb][\/vc_column][\/vc_row][vc_row][vc_column width=\u00bb1\/4&#8243;][vc_single_image image=\u00bb4314&#8243; img_size=\u00bbfull\u00bb el_class=\u00bbservice-in-image\u00bb][\/vc_column][vc_column width=\u00bb3\/4&#8243;][vc_column_text]Nuestros consultores cuentan con m\u00e1s de 12 a\u00f1os de experiencia en la construcci\u00f3n y ejecuci\u00f3n de aplicaciones y servicios Web XML y la integraci\u00f3n de otros productos de Microsoft utilizando su marco .NET<\/p>\n<p>En Inttao te ofrecemos servicios de vanguardia y con unos plazos de entrega muy cortos.<br \/>\nIntegrar aplicaciones .NET con cualquier base de datos de back-end (incluyendo SQL, Oracle Database y otros) y creamos aplicaciones web y m\u00f3viles responsive e intuitivas.[\/vc_column_text][\/vc_column][\/vc_row][vc_row][vc_column][vc_empty_space height=\u00bb150px\u00bb][\/vc_column][\/vc_row]<\/p>\n","protected":false},"excerpt":{"rendered":"<p>[vc_row][vc_column][vc_empty_space height=\u00bb100px\u00bb][\/vc_column][\/vc_row][vc_row][vc_column width=\u00bb1\/4&#8243;][vc_single_image image=\u00bb4314&#8243; img_size=\u00bbfull\u00bb el_class=\u00bbservice-in-image\u00bb][\/vc_column][vc_column width=\u00bb3\/4&#8243;][vc_column_text]Nuestros consultores cuentan con m\u00e1s de 12 a\u00f1os de experiencia en la construcci\u00f3n y ejecuci\u00f3n de aplicaciones y servicios Web XML y la integraci\u00f3n de otros productos de Microsoft utilizando su marco .NET En Inttao te ofrecemos servicios de vanguardia y con unos plazos de entrega muy cortos. Integrar&#8230;<\/p>\n","protected":false},"author":1,"featured_media":4344,"parent":3586,"menu_order":0,"comment_status":"closed","ping_status":"closed","template":"","meta":[],"_links":{"self":[{"href":"https:\/\/www.inttao.com\/es\/wp-json\/wp\/v2\/pages\/4248"}],"collection":[{"href":"https:\/\/www.inttao.com\/es\/wp-json\/wp\/v2\/pages"}],"about":[{"href":"https:\/\/www.inttao.com\/es\/wp-json\/wp\/v2\/types\/page"}],"author":[{"embeddable":true,"href":"https:\/\/www.inttao.com\/es\/wp-json\/wp\/v2\/users\/1"}],"replies":[{"embeddable":true,"href":"https:\/\/www.inttao.com\/es\/wp-json\/wp\/v2\/comments?post=4248"}],"version-history":[{"count":6,"href":"https:\/\/www.inttao.com\/es\/wp-json\/wp\/v2\/pages\/4248\/revisions"}],"predecessor-version":[{"id":4590,"href":"https:\/\/www.inttao.com\/es\/wp-json\/wp\/v2\/pages\/4248\/revisions\/4590"}],"up":[{"embeddable":true,"href":"https:\/\/www.inttao.com\/es\/wp-json\/wp\/v2\/pages\/3586"}],"wp:featuredmedia":[{"embeddable":true,"href":"https:\/\/www.inttao.com\/es\/wp-json\/wp\/v2\/media\/4344"}],"wp:attachment":[{"href":"https:\/\/www.inttao.com\/es\/wp-json\/wp\/v2\/media?parent=4248"}],"curies":[{"name":"wp","href":"https:\/\/api.w.org\/{rel}","templated":true}]}}