{"id":4245,"date":"2017-05-29T16:11:52","date_gmt":"2017-05-29T16:11:52","guid":{"rendered":"http:\/\/devel.webpartners.es\/inttao\/?page_id=4245\/"},"modified":"2017-10-04T16:04:18","modified_gmt":"2017-10-04T16:04:18","slug":"office-365","status":"publish","type":"page","link":"https:\/\/www.inttao.com\/es\/servicios\/office-365\/","title":{"rendered":"Office 365"},"content":{"rendered":"<p>[vc_row][vc_column][vc_empty_space height=\u00bb100px\u00bb][\/vc_column][\/vc_row][vc_row][vc_column width=\u00bb1\/4&#8243;][vc_single_image image=\u00bb4316&#8243; img_size=\u00bbfull\u00bb el_class=\u00bbservice-in-image\u00bb][\/vc_column][vc_column width=\u00bb3\/4&#8243;][vc_column_text]<\/p>\n<h3>\u00bfQuieres migrar toda tu infraestructura a la nube?<br \/>\nComienza hoy mismo.<\/h3>\n<h4>Nuestro equipo de expertos te acompa\u00f1ar\u00e1 durante todo el proceso.<\/h4>\n<p>[\/vc_column_text][vc_separator][vc_column_text]<\/p>\n<h3>C\u00e9ntrate en tu negocio<\/h3>\n<p><span style=\"font-weight: 400;\">En Inttao te guiamos y asesoramos durante todo el proceso de migraci\u00f3n para que aproveches al m\u00e1ximo las ventajas de la nube, rentabilizando as\u00ed tu presupuesto y alcanzando tus objetivos de negocio.<\/span><\/p>\n<p><span style=\"font-weight: 400;\">Aumenta tu productividad<br \/>\n<\/span><span style=\"font-weight: 400;\">Planifica tu futuro<br \/>\n<\/span><span style=\"font-weight: 400;\">Ahorra dinero<br \/>\n<\/span><span style=\"font-weight: 400;\">Y haz crecer tu negocio<\/span><\/p>\n<h3>\u00bfQu\u00e9 te ofrecemos?<\/h3>\n<ul>\n<li><span style=\"font-weight: 400;\">Aplicaci\u00f3n total de Office 365<\/span><\/li>\n<li><span style=\"font-weight: 400;\">Transparencia durante todo el proceso de migraci\u00f3n<\/span><\/li>\n<li><span style=\"font-weight: 400;\">Asistencia personalizada 24 horas los 7 d\u00edas de la semana<\/span><\/li>\n<li><span style=\"font-weight: 400;\">Inter-Continental Redundancy<\/span><\/li>\n<li><span style=\"font-weight: 400;\">Business Continuity 99.99% up-time SLA<\/span><\/li>\n<li><span style=\"font-weight: 400;\">Servicio de copia de seguridad en la nube<\/span><\/li>\n<\/ul>\n<h3>\u00bfCu\u00e1les son nuestros servicios de consultor\u00eda?<\/h3>\n<ul>\n<li><span style=\"font-weight: 400;\">Migraci\u00f3n a Office 365<\/span><\/li>\n<li><span style=\"font-weight: 400;\">Servicios de implementaci\u00f3n Office 365<\/span><\/li>\n<li><span style=\"font-weight: 400;\">Migraci\u00f3n online SharePoint<\/span><\/li>\n<li><span style=\"font-weight: 400;\">Migraci\u00f3n online Exchange<\/span><span style=\"font-weight: 400;\"><br \/>\n<\/span><span style=\"font-weight: 400;\">Infraestructura de archivos compartidos a la migraci\u00f3n de la nube<\/span><\/li>\n<li><span style=\"font-weight: 400;\">Migraci\u00f3n de sistemas Core &amp; Satellite a Windows Azure<\/span><\/li>\n<li><span style=\"font-weight: 400;\">Productos <\/span><span style=\"font-weight: 400;\">Office 365<\/span><\/li>\n<\/ul>\n<h3>Tu proceso de migraci\u00f3n en un tiempo r\u00e9cord<\/h3>\n<p>Llevamos a cabo todo el proceso de migraci\u00f3n de la forma m\u00e1s r\u00e1pida posible, utilizando las mejores herramientas, con el fin de maximizar la productividad y reducir, en mayor medida, el tiempo y esfuerzo que supone mover todos tus activos a la nube.<\/p>\n<h3>\u00bfQu\u00e9 servicios de migraci\u00f3n te ofrecemos?<\/h3>\n<ul>\n<li>De Office (2000\/2003\/2007) a Office Pro Plus 2013<\/li>\n<li>De Exchange Server (2000\/2003\/2007\/2010) a Office 365 Exchange Online<\/li>\n<li>De SharePoint (2010\/Enterprise\/Foundation) a Office 365 SharePoint Online<\/li>\n<li>De Office Communicator a Office 365 Lync Online<\/li>\n<li>De Lync Server a Office 365 Lync Online<\/li>\n<li>De Core Systems a Windows Azure<\/li>\n<\/ul>\n<h3>\u00bfY todo esto por cu\u00e1nto?<\/h3>\n<p>Los precios de Office 365 son asequibles y se adaptan a las necesidades y tama\u00f1o de tu negocio. Contamos con varios planes, a partir de $10 por usuario al mes. Y el soporte de migraci\u00f3n de Office 365 desde $90 la hora.<\/p>\n<p>Los precios Office 365 que detallamos a continuaci\u00f3n son ideales para empresas que tienen entre 25-250 PC e incluye lo siguiente:<\/p>\n<ul>\n<li>Office 2013 \/ Office online<\/li>\n<li>Exchange online Exchange online<\/li>\n<li>Sharepoint SharePoint online<\/li>\n<li>Lync online Lync online<\/li>\n<\/ul>\n<p>Ponte en contacto con nosotros y elige el plan Office 365 que mejor se adapte a tu negocio. Adem\u00e1s, si dispones de 25 licencias de usuario o eliges el Plan E3 podr\u00e1s disfrutar de una prueba Office 365 de forma gratuita durante 30 d\u00edas.<\/p>\n<h3>Office 365 te ofrece:<\/h3>\n<ul>\n<li>Acceso a email y calendarios<\/li>\n<li>Posibilidad de compartir archivos<\/li>\n<li>Realizar conferencias<\/li>\n<li>Y Exchange Online<\/li>\n<\/ul>\n<p>Adem\u00e1s, con Office 365 Professional Plus, disfrutar\u00e1s de todas las aplicaciones de productividad l\u00edderes en el mundo y podr\u00e1s acceder desde cualquier lugar y pr\u00e1cticamente desde cualquier dispositivo.<\/p>\n<p>Una mejor experiencia de productividad e interfaz familiar y\u00a0un formato que se adapta a tu PC, tel\u00e9fono y navegador.[\/vc_column_text][\/vc_column][\/vc_row][vc_row][vc_column][vc_empty_space height=\u00bb150px\u00bb][\/vc_column][\/vc_row]<\/p>\n","protected":false},"excerpt":{"rendered":"<p>[vc_row][vc_column][vc_empty_space height=\u00bb100px\u00bb][\/vc_column][\/vc_row][vc_row][vc_column width=\u00bb1\/4&#8243;][vc_single_image image=\u00bb4316&#8243; img_size=\u00bbfull\u00bb el_class=\u00bbservice-in-image\u00bb][\/vc_column][vc_column width=\u00bb3\/4&#8243;][vc_column_text] \u00bfQuieres migrar toda tu infraestructura a la nube? Comienza hoy mismo. Nuestro equipo de expertos te acompa\u00f1ar\u00e1 durante todo el proceso. [\/vc_column_text][vc_separator][vc_column_text] C\u00e9ntrate en tu negocio En Inttao te guiamos y asesoramos durante todo el proceso de migraci\u00f3n para que aproveches al m\u00e1ximo las ventajas de la nube,&#8230;<\/p>\n","protected":false},"author":1,"featured_media":4344,"parent":3586,"menu_order":0,"comment_status":"closed","ping_status":"closed","template":"","meta":[],"_links":{"self":[{"href":"https:\/\/www.inttao.com\/es\/wp-json\/wp\/v2\/pages\/4245"}],"collection":[{"href":"https:\/\/www.inttao.com\/es\/wp-json\/wp\/v2\/pages"}],"about":[{"href":"https:\/\/www.inttao.com\/es\/wp-json\/wp\/v2\/types\/page"}],"author":[{"embeddable":true,"href":"https:\/\/www.inttao.com\/es\/wp-json\/wp\/v2\/users\/1"}],"replies":[{"embeddable":true,"href":"https:\/\/www.inttao.com\/es\/wp-json\/wp\/v2\/comments?post=4245"}],"version-history":[{"count":8,"href":"https:\/\/www.inttao.com\/es\/wp-json\/wp\/v2\/pages\/4245\/revisions"}],"predecessor-version":[{"id":4586,"href":"https:\/\/www.inttao.com\/es\/wp-json\/wp\/v2\/pages\/4245\/revisions\/4586"}],"up":[{"embeddable":true,"href":"https:\/\/www.inttao.com\/es\/wp-json\/wp\/v2\/pages\/3586"}],"wp:featuredmedia":[{"embeddable":true,"href":"https:\/\/www.inttao.com\/es\/wp-json\/wp\/v2\/media\/4344"}],"wp:attachment":[{"href":"https:\/\/www.inttao.com\/es\/wp-json\/wp\/v2\/media?parent=4245"}],"curies":[{"name":"wp","href":"https:\/\/api.w.org\/{rel}","templated":true}]}}