{"id":4233,"date":"2017-05-29T15:13:41","date_gmt":"2017-05-29T15:13:41","guid":{"rendered":"http:\/\/devel.webpartners.es\/inttao\/?page_id=4233\/"},"modified":"2017-10-17T15:26:13","modified_gmt":"2017-10-17T15:26:13","slug":"sharepoint","status":"publish","type":"page","link":"https:\/\/www.inttao.com\/es\/servicios\/sharepoint\/","title":{"rendered":"SharePoint"},"content":{"rendered":"<p>[vc_row][vc_column][vc_empty_space height=\u00bb100px\u00bb][\/vc_column][\/vc_row][vc_row][vc_column width=\u00bb1\/4&#8243;][vc_single_image image=\u00bb4322&#8243; img_size=\u00bbfull\u00bb el_class=\u00bbservice-in-image\u00bb][\/vc_column][vc_column width=\u00bb3\/4&#8243;][vc_column_text]Con <strong>SharePoint<\/strong> podr\u00e1s crear el propio sitio web de tu empresa. Sin duda, un lugar seguro donde almacenar, organizar y compartir toda la informaci\u00f3n desde cualquier dispositivo y acceder a ella siempre que lo desees. Solo necesitar\u00e1s un explorador web, como Microsoft Edge, Internet Explorer, Chrome o Firefox.<\/p>\n<p><span style=\"font-weight: 400;\">Desde Inttao te ofrecemos <strong>servicios completos de migraci\u00f3n<\/strong> y actualizaci\u00f3n de SharePoint, sin interrumpir tu negocio y asegur\u00e1ndote, gracias a la experiencia de nuestros consultores, la <strong>m\u00e1xima rentabilidad<\/strong>. <\/span><\/p>\n<p><span style=\"font-weight: 400;\">Adem\u00e1s, <strong>redise\u00f1amos tu arquitectura de informaci\u00f3n,<\/strong> para consolidar todos los sitios y limpiar el contenido antes de migrar a SharePoint o a Office 365.<\/span><\/p>\n<p>[\/vc_column_text][\/vc_column][\/vc_row][vc_row][vc_column][vc_empty_space height=\u00bb150px\u00bb][\/vc_column][\/vc_row]<\/p>\n","protected":false},"excerpt":{"rendered":"<p>[vc_row][vc_column][vc_empty_space height=\u00bb100px\u00bb][\/vc_column][\/vc_row][vc_row][vc_column width=\u00bb1\/4&#8243;][vc_single_image image=\u00bb4322&#8243; img_size=\u00bbfull\u00bb el_class=\u00bbservice-in-image\u00bb][\/vc_column][vc_column width=\u00bb3\/4&#8243;][vc_column_text]Con SharePoint podr\u00e1s crear el propio sitio web de tu empresa. Sin duda, un lugar seguro donde almacenar, organizar y compartir toda la informaci\u00f3n desde cualquier dispositivo y acceder a ella siempre que lo desees. Solo necesitar\u00e1s un explorador web, como Microsoft Edge, Internet Explorer, Chrome o Firefox. Desde&#8230;<\/p>\n","protected":false},"author":1,"featured_media":4344,"parent":3586,"menu_order":0,"comment_status":"closed","ping_status":"closed","template":"","meta":[],"_links":{"self":[{"href":"https:\/\/www.inttao.com\/es\/wp-json\/wp\/v2\/pages\/4233"}],"collection":[{"href":"https:\/\/www.inttao.com\/es\/wp-json\/wp\/v2\/pages"}],"about":[{"href":"https:\/\/www.inttao.com\/es\/wp-json\/wp\/v2\/types\/page"}],"author":[{"embeddable":true,"href":"https:\/\/www.inttao.com\/es\/wp-json\/wp\/v2\/users\/1"}],"replies":[{"embeddable":true,"href":"https:\/\/www.inttao.com\/es\/wp-json\/wp\/v2\/comments?post=4233"}],"version-history":[{"count":4,"href":"https:\/\/www.inttao.com\/es\/wp-json\/wp\/v2\/pages\/4233\/revisions"}],"predecessor-version":[{"id":4388,"href":"https:\/\/www.inttao.com\/es\/wp-json\/wp\/v2\/pages\/4233\/revisions\/4388"}],"up":[{"embeddable":true,"href":"https:\/\/www.inttao.com\/es\/wp-json\/wp\/v2\/pages\/3586"}],"wp:featuredmedia":[{"embeddable":true,"href":"https:\/\/www.inttao.com\/es\/wp-json\/wp\/v2\/media\/4344"}],"wp:attachment":[{"href":"https:\/\/www.inttao.com\/es\/wp-json\/wp\/v2\/media?parent=4233"}],"curies":[{"name":"wp","href":"https:\/\/api.w.org\/{rel}","templated":true}]}}