{"id":4228,"date":"2017-05-29T14:49:41","date_gmt":"2017-05-29T14:49:41","guid":{"rendered":"http:\/\/devel.webpartners.es\/inttao\/?page_id=4228\/"},"modified":"2017-05-31T13:40:22","modified_gmt":"2017-05-31T13:40:22","slug":"azure","status":"publish","type":"page","link":"https:\/\/www.inttao.com\/es\/servicios\/azure\/","title":{"rendered":"Azure"},"content":{"rendered":"<p>[vc_row][vc_column][vc_empty_space height=\u00bb100px\u00bb][\/vc_column][\/vc_row][vc_row][vc_column width=\u00bb1\/4&#8243;][vc_single_image image=\u00bb4310&#8243; img_size=\u00bbfull\u00bb el_class=\u00bbservice-in-image\u00bb][\/vc_column][vc_column width=\u00bb3\/4&#8243;][vc_column_text]Azure, la infraestructura el\u00e1stica de Microsoft basada en la nube, puede ofrecer a tu empresa una infraestructura inform\u00e1tica poderosa con una inversi\u00f3n m\u00ednima.<\/p>\n<p>Con Azure, podr\u00e1s crear e implementar donde quieras, empleando las herramientas, las aplicaciones y los marcos que prefieras. Adem\u00e1s, Azure admite una <strong>amplia gama de sistemas operativos<\/strong>, lenguajes de programaci\u00f3n, marcos, bases de datos y dispositivos.<\/p>\n<p>En Inttao <strong>te dise\u00f1amos un plan a la medida<\/strong> para m\u00e1quinas virtuales, aplicaciones y almacenamiento en nube, instalaciones de respaldo y redundantes.<\/p>\n<p>Nuestro equipo se encargar\u00e1 de probar todas tus aplicaciones antes de la migraci\u00f3n para asegurarnos de que son estables en la nube. Adem\u00e1s, definiremos una estrategia de base de datos que se utilizar\u00e1 con <strong>SQL Azure<\/strong>, con el fin de evaluar el ROI de cada inversi\u00f3n en la nube y llevar a cabo la migraci\u00f3n de forma r\u00e1pida y segura.<\/p>\n<p>[\/vc_column_text][\/vc_column][\/vc_row][vc_row][vc_column][vc_empty_space height=\u00bb150px\u00bb][\/vc_column][\/vc_row]<\/p>\n","protected":false},"excerpt":{"rendered":"<p>[vc_row][vc_column][vc_empty_space height=\u00bb100px\u00bb][\/vc_column][\/vc_row][vc_row][vc_column width=\u00bb1\/4&#8243;][vc_single_image image=\u00bb4310&#8243; img_size=\u00bbfull\u00bb el_class=\u00bbservice-in-image\u00bb][\/vc_column][vc_column width=\u00bb3\/4&#8243;][vc_column_text]Azure, la infraestructura el\u00e1stica de Microsoft basada en la nube, puede ofrecer a tu empresa una infraestructura inform\u00e1tica poderosa con una inversi\u00f3n m\u00ednima. Con Azure, podr\u00e1s crear e implementar donde quieras, empleando las herramientas, las aplicaciones y los marcos que prefieras. Adem\u00e1s, Azure admite una amplia gama de sistemas&#8230;<\/p>\n","protected":false},"author":1,"featured_media":4344,"parent":3586,"menu_order":0,"comment_status":"closed","ping_status":"closed","template":"","meta":[],"_links":{"self":[{"href":"https:\/\/www.inttao.com\/es\/wp-json\/wp\/v2\/pages\/4228"}],"collection":[{"href":"https:\/\/www.inttao.com\/es\/wp-json\/wp\/v2\/pages"}],"about":[{"href":"https:\/\/www.inttao.com\/es\/wp-json\/wp\/v2\/types\/page"}],"author":[{"embeddable":true,"href":"https:\/\/www.inttao.com\/es\/wp-json\/wp\/v2\/users\/1"}],"replies":[{"embeddable":true,"href":"https:\/\/www.inttao.com\/es\/wp-json\/wp\/v2\/comments?post=4228"}],"version-history":[{"count":5,"href":"https:\/\/www.inttao.com\/es\/wp-json\/wp\/v2\/pages\/4228\/revisions"}],"predecessor-version":[{"id":4384,"href":"https:\/\/www.inttao.com\/es\/wp-json\/wp\/v2\/pages\/4228\/revisions\/4384"}],"up":[{"embeddable":true,"href":"https:\/\/www.inttao.com\/es\/wp-json\/wp\/v2\/pages\/3586"}],"wp:featuredmedia":[{"embeddable":true,"href":"https:\/\/www.inttao.com\/es\/wp-json\/wp\/v2\/media\/4344"}],"wp:attachment":[{"href":"https:\/\/www.inttao.com\/es\/wp-json\/wp\/v2\/media?parent=4228"}],"curies":[{"name":"wp","href":"https:\/\/api.w.org\/{rel}","templated":true}]}}