{"id":4224,"date":"2017-05-29T14:43:42","date_gmt":"2017-05-29T14:43:42","guid":{"rendered":"http:\/\/devel.webpartners.es\/inttao\/?page_id=4224\/"},"modified":"2017-10-04T16:05:41","modified_gmt":"2017-10-04T16:05:41","slug":"amazon-web-services","status":"publish","type":"page","link":"https:\/\/www.inttao.com\/es\/servicios\/amazon-web-services\/","title":{"rendered":"Amazon Web Services"},"content":{"rendered":"<p>[vc_row][vc_column][vc_empty_space height=\u00bb100px\u00bb][\/vc_column][\/vc_row][vc_row][vc_column width=\u00bb1\/4&#8243;][vc_single_image image=\u00bb4306&#8243; img_size=\u00bbfull\u00bb el_class=\u00bbservice-in-image\u00bb][\/vc_column][vc_column width=\u00bb3\/4&#8243;][vc_column_text]Actualmente, muchas empresas optan por implementar no s\u00f3lo su infraestructura en la nube, sino tambi\u00e9n alojar sus motores anal\u00edticos y herramientas en la misma, con el fin de reducir costes y poder modificar r\u00e1pidamente su capacidad, a medida que evoluciona su negocio.<\/p>\n<p>En Inttao te ayudamos a mover y desplegar tu infraestructura a la nube gracias a Amazon Web Services.<\/p>\n<p>La nube de AWS nos proporciona un amplio conjunto de servicios de infraestructura, como potencia de c\u00f3mputo, opciones de almacenamiento, redes y bases de datos.<\/p>\n<p>Nuestros consultores te asesorar\u00e1n y ayudar\u00e1n a elegir el modelo de infraestructura y los proveedores que mejor se adapten a las necesidades de tu empresa. Todo esto con la m\u00e1xima seguridad y garant\u00eda.<\/p>\n<p>Aprovecha la nube de AWS, crea aplicaciones sofisticadas y haz crecer a tu empresa.[\/vc_column_text][\/vc_column][\/vc_row][vc_row][vc_column][vc_empty_space height=\u00bb150px\u00bb][\/vc_column][\/vc_row]<\/p>\n","protected":false},"excerpt":{"rendered":"<p>[vc_row][vc_column][vc_empty_space height=\u00bb100px\u00bb][\/vc_column][\/vc_row][vc_row][vc_column width=\u00bb1\/4&#8243;][vc_single_image image=\u00bb4306&#8243; img_size=\u00bbfull\u00bb el_class=\u00bbservice-in-image\u00bb][\/vc_column][vc_column width=\u00bb3\/4&#8243;][vc_column_text]Actualmente, muchas empresas optan por implementar no s\u00f3lo su infraestructura en la nube, sino tambi\u00e9n alojar sus motores anal\u00edticos y herramientas en la misma, con el fin de reducir costes y poder modificar r\u00e1pidamente su capacidad, a medida que evoluciona su negocio. En Inttao te ayudamos a mover y&#8230;<\/p>\n","protected":false},"author":1,"featured_media":4344,"parent":3586,"menu_order":0,"comment_status":"closed","ping_status":"closed","template":"","meta":[],"_links":{"self":[{"href":"https:\/\/www.inttao.com\/es\/wp-json\/wp\/v2\/pages\/4224"}],"collection":[{"href":"https:\/\/www.inttao.com\/es\/wp-json\/wp\/v2\/pages"}],"about":[{"href":"https:\/\/www.inttao.com\/es\/wp-json\/wp\/v2\/types\/page"}],"author":[{"embeddable":true,"href":"https:\/\/www.inttao.com\/es\/wp-json\/wp\/v2\/users\/1"}],"replies":[{"embeddable":true,"href":"https:\/\/www.inttao.com\/es\/wp-json\/wp\/v2\/comments?post=4224"}],"version-history":[{"count":6,"href":"https:\/\/www.inttao.com\/es\/wp-json\/wp\/v2\/pages\/4224\/revisions"}],"predecessor-version":[{"id":4587,"href":"https:\/\/www.inttao.com\/es\/wp-json\/wp\/v2\/pages\/4224\/revisions\/4587"}],"up":[{"embeddable":true,"href":"https:\/\/www.inttao.com\/es\/wp-json\/wp\/v2\/pages\/3586"}],"wp:featuredmedia":[{"embeddable":true,"href":"https:\/\/www.inttao.com\/es\/wp-json\/wp\/v2\/media\/4344"}],"wp:attachment":[{"href":"https:\/\/www.inttao.com\/es\/wp-json\/wp\/v2\/media?parent=4224"}],"curies":[{"name":"wp","href":"https:\/\/api.w.org\/{rel}","templated":true}]}}