{"id":3697,"date":"2017-05-26T11:18:47","date_gmt":"2017-05-26T11:18:47","guid":{"rendered":"http:\/\/devel.webpartners.es\/inttao\/servicios\/qlik-espanol\/"},"modified":"2017-10-10T09:08:18","modified_gmt":"2017-10-10T09:08:18","slug":"qlik","status":"publish","type":"page","link":"https:\/\/www.inttao.com\/es\/servicios\/qlik\/","title":{"rendered":"Qlik"},"content":{"rendered":"<p>[vc_row][vc_column][vc_empty_space height=\u00bb100px\u00bb][\/vc_column][\/vc_row][vc_row][vc_column width=\u00bb1\/4&#8243;][vc_single_image image=\u00bb4328&#8243; img_size=\u00bbfull\u00bb el_class=\u00bbservice-in-image\u00bb][\/vc_column][vc_column width=\u00bb3\/4&#8243;][vc_column_text]En Inttao integramos los productos anal\u00edticos y de visualizaci\u00f3n de datos de <strong>Qlik<\/strong> en tus bases de datos con el fin de desarrollar tableros y aplicaciones que te permitan acceder y generar <strong>informes personalizados y preconstruidos<\/strong> desde cualquier dispositivo, adem\u00e1s de responder a las preguntas m\u00e1s importante de tu empresa.<\/p>\n<p>Gracias a los productos anal\u00edticos de Qlik <strong>(QlikView, QlikSense y QlikAnalytics Platform)<\/strong> nuestros consultores te ayudan a crear anal\u00edticas visuales poderosas e intuitivas.<\/p>\n<p>Nuestros servicios incluyen:<\/p>\n<ul>\n<li>Planificaci\u00f3n de la arquitectura del servidor<\/li>\n<li>Implementaci\u00f3n de software y integraci\u00f3n de bases de datos<\/li>\n<li>Conectores Qlik con soluciones de terceros (Salesforce, SAP, Oracle, Microsoft)<\/li>\n<li>Integraci\u00f3n de portal personalizada e inicio de sesi\u00f3n \u00fanico<\/li>\n<li>Dise\u00f1o y desarrollo de aplicaciones<\/li>\n<\/ul>\n<p>Con Qlik convertir\u00e1s tus datos en conocimiento. Sin l\u00edmites desde cualquier dispositivo, momento y lugar y de una forma segura y eficaz.[\/vc_column_text][\/vc_column][\/vc_row][vc_row][vc_column][vc_empty_space height=\u00bb150px\u00bb][\/vc_column][\/vc_row]<\/p>\n","protected":false},"excerpt":{"rendered":"<p>[vc_row][vc_column][vc_empty_space height=\u00bb100px\u00bb][\/vc_column][\/vc_row][vc_row][vc_column width=\u00bb1\/4&#8243;][vc_single_image image=\u00bb4328&#8243; img_size=\u00bbfull\u00bb el_class=\u00bbservice-in-image\u00bb][\/vc_column][vc_column width=\u00bb3\/4&#8243;][vc_column_text]En Inttao integramos los productos anal\u00edticos y de visualizaci\u00f3n de datos de Qlik en tus bases de datos con el fin de desarrollar tableros y aplicaciones que te permitan acceder y generar informes personalizados y preconstruidos desde cualquier dispositivo, adem\u00e1s de responder a las preguntas m\u00e1s importante de tu&#8230;<\/p>\n","protected":false},"author":1,"featured_media":4344,"parent":3586,"menu_order":0,"comment_status":"closed","ping_status":"closed","template":"visual-composer.php","meta":[],"_links":{"self":[{"href":"https:\/\/www.inttao.com\/es\/wp-json\/wp\/v2\/pages\/3697"}],"collection":[{"href":"https:\/\/www.inttao.com\/es\/wp-json\/wp\/v2\/pages"}],"about":[{"href":"https:\/\/www.inttao.com\/es\/wp-json\/wp\/v2\/types\/page"}],"author":[{"embeddable":true,"href":"https:\/\/www.inttao.com\/es\/wp-json\/wp\/v2\/users\/1"}],"replies":[{"embeddable":true,"href":"https:\/\/www.inttao.com\/es\/wp-json\/wp\/v2\/comments?post=3697"}],"version-history":[{"count":7,"href":"https:\/\/www.inttao.com\/es\/wp-json\/wp\/v2\/pages\/3697\/revisions"}],"predecessor-version":[{"id":4630,"href":"https:\/\/www.inttao.com\/es\/wp-json\/wp\/v2\/pages\/3697\/revisions\/4630"}],"up":[{"embeddable":true,"href":"https:\/\/www.inttao.com\/es\/wp-json\/wp\/v2\/pages\/3586"}],"wp:featuredmedia":[{"embeddable":true,"href":"https:\/\/www.inttao.com\/es\/wp-json\/wp\/v2\/media\/4344"}],"wp:attachment":[{"href":"https:\/\/www.inttao.com\/es\/wp-json\/wp\/v2\/media?parent=3697"}],"curies":[{"name":"wp","href":"https:\/\/api.w.org\/{rel}","templated":true}]}}