{"id":3689,"date":"2017-05-26T11:17:19","date_gmt":"2017-05-26T11:17:19","guid":{"rendered":"http:\/\/devel.webpartners.es\/inttao\/servicios\/microsoft-espanol\/"},"modified":"2017-05-31T11:57:40","modified_gmt":"2017-05-31T11:57:40","slug":"microsoft","status":"publish","type":"page","link":"https:\/\/www.inttao.com\/es\/servicios\/microsoft\/","title":{"rendered":"Microsoft"},"content":{"rendered":"<p>[vc_row][vc_column][vc_empty_space height=\u00bb100px\u00bb][\/vc_column][\/vc_row][vc_row][vc_column width=\u00bb1\/4&#8243;][vc_single_image image=\u00bb4312&#8243; img_size=\u00bbfull\u00bb el_class=\u00bbservice-in-image\u00bb][\/vc_column][vc_column width=\u00bb3\/4&#8243;][vc_column_text]<\/p>\n<p>En Inttao llevamos m\u00e1s de 10 a\u00f1os ayudando a las empresas a implementar soluciones basadas en <strong>Microsoft<\/strong>, tanto en la oficina como en la nube (Azure). Dise\u00f1amos un modelo de datos en <strong>Power BI<\/strong> para adaptarlo a tus necesidades e incluso migrar todas las aplicaciones y bases de datos de tu empresa a la nube utilizando Azure y Office 365.<\/p>\n<p>Como socios de Microsoft te ayudamos a seleccionar e implementar la edici\u00f3n correcta de <strong>SQL Server<\/strong> para tu empresa, migrar e integrar datos de diferentes plataformas (incluyendo IBM y Oracle), definir una estrategia de datos y desarrollar procesos ETL que se adapten a tus necesidades.<\/p>\n<p>Adem\u00e1s, te ofrecemos consultor\u00eda de <strong>Servicios de Integraci\u00f3n (SSIS)<\/strong>, as\u00ed como herramientas <strong>Business intelligence de Microsoft<\/strong> (SQL Server Analysis Services -SSAS- y SQL Server Reporting Services -SSRS-).<\/p>\n<p>Nuestros consultores te ayudar\u00e1n a desarrollar una soluci\u00f3n de Business Inteligence adaptada a tus necesidades, as\u00ed como a formar y asesorar al personal de tu empresa para que realice sus propios informes y an\u00e1lisis ad hoc, con el objetivo de estar siempre a la vanguardia del mercado.<\/p>\n<p>Integramos Power BI con tu sistema ERP y fuentes de datos, creamos informes personalizados, configuramos alertas y automatizamos la generaci\u00f3n de informes y su publicaci\u00f3n. Adem\u00e1s, con la soluci\u00f3n de Power BI, basada en la nube de Microsoft, podemos utilizar datos de varias fuentes (web, on-premise y cloud) con el fin de desarrollar visualizaciones interactivas.<\/p>\n<p>[\/vc_column_text][\/vc_column][\/vc_row][vc_row][vc_column][vc_empty_space height=\u00bb150px\u00bb][\/vc_column][\/vc_row]<\/p>\n","protected":false},"excerpt":{"rendered":"<p>[vc_row][vc_column][vc_empty_space height=\u00bb100px\u00bb][\/vc_column][\/vc_row][vc_row][vc_column width=\u00bb1\/4&#8243;][vc_single_image image=\u00bb4312&#8243; img_size=\u00bbfull\u00bb el_class=\u00bbservice-in-image\u00bb][\/vc_column][vc_column width=\u00bb3\/4&#8243;][vc_column_text] En Inttao llevamos m\u00e1s de 10 a\u00f1os ayudando a las empresas a implementar soluciones basadas en Microsoft, tanto en la oficina como en la nube (Azure). Dise\u00f1amos un modelo de datos en Power BI para adaptarlo a tus necesidades e incluso migrar todas las aplicaciones y bases de&#8230;<\/p>\n","protected":false},"author":1,"featured_media":4344,"parent":3586,"menu_order":0,"comment_status":"closed","ping_status":"closed","template":"visual-composer.php","meta":[],"_links":{"self":[{"href":"https:\/\/www.inttao.com\/es\/wp-json\/wp\/v2\/pages\/3689"}],"collection":[{"href":"https:\/\/www.inttao.com\/es\/wp-json\/wp\/v2\/pages"}],"about":[{"href":"https:\/\/www.inttao.com\/es\/wp-json\/wp\/v2\/types\/page"}],"author":[{"embeddable":true,"href":"https:\/\/www.inttao.com\/es\/wp-json\/wp\/v2\/users\/1"}],"replies":[{"embeddable":true,"href":"https:\/\/www.inttao.com\/es\/wp-json\/wp\/v2\/comments?post=3689"}],"version-history":[{"count":10,"href":"https:\/\/www.inttao.com\/es\/wp-json\/wp\/v2\/pages\/3689\/revisions"}],"predecessor-version":[{"id":4374,"href":"https:\/\/www.inttao.com\/es\/wp-json\/wp\/v2\/pages\/3689\/revisions\/4374"}],"up":[{"embeddable":true,"href":"https:\/\/www.inttao.com\/es\/wp-json\/wp\/v2\/pages\/3586"}],"wp:featuredmedia":[{"embeddable":true,"href":"https:\/\/www.inttao.com\/es\/wp-json\/wp\/v2\/media\/4344"}],"wp:attachment":[{"href":"https:\/\/www.inttao.com\/es\/wp-json\/wp\/v2\/media?parent=3689"}],"curies":[{"name":"wp","href":"https:\/\/api.w.org\/{rel}","templated":true}]}}