{"id":3664,"date":"2017-05-26T11:03:41","date_gmt":"2017-05-26T11:03:41","guid":{"rendered":"http:\/\/devel.webpartners.es\/inttao\/servicios\/oracle\/"},"modified":"2017-10-17T16:06:50","modified_gmt":"2017-10-17T16:06:50","slug":"oracle","status":"publish","type":"page","link":"https:\/\/www.inttao.com\/es\/servicios\/oracle\/","title":{"rendered":"Oracle"},"content":{"rendered":"<p>[vc_row][vc_column][vc_empty_space height=\u00bb100px\u00bb][\/vc_column][\/vc_row][vc_row][vc_column width=\u00bb1\/4&#8243;][vc_single_image image=\u00bb4318&#8243; img_size=\u00bbfull\u00bb el_class=\u00bbservice-in-image\u00bb][\/vc_column][vc_column width=\u00bb3\/4&#8243;][vc_column_text]<span style=\"font-weight: 400;\">En Inttao ofrecemos <strong>soluciones y asesoramiento de expertos en todo el rango de productos y servicios de Oracle<\/strong>, tanto en la nube como en sus oficinas. Desde nuevas implementaciones hasta productos totalmente personalizados para satisfacer as\u00ed, las necesidades de tu empresa. Adem\u00e1s, abordamos los proyectos m\u00e1s complejos, ofreciendo siempre las soluciones m\u00e1s rentables e innovadoras.<\/span><\/p>\n<p><span style=\"font-weight: 400;\">Contamos con un rango muy amplio de soluciones para todas las \u00e1reas funcionales de tu empresa desde marketing y operaciones, hasta finanzas entre otras; lo que nos permite reducir presupuestos y planear ciclos, automatizar los informes y \u00a0mejorar las previsiones.<\/span><\/p>\n<p><span style=\"font-weight: 400;\">La integraci\u00f3n con Microsoft Office te proporciona una interfaz f\u00e1cil de usar y de visualizar la informaci\u00f3n, adem\u00e1s de una implementaci\u00f3n con las herramientas m\u00e1s innovadoras para el an\u00e1lisis de datos.<\/span><\/p>\n<p><span style=\"font-weight: 400;\"><strong>Somos socios certificados por Oracle Silver<\/strong> y nuestros ingenieros y consultores tienen <strong>m\u00e1s de 10 a\u00f1os de experiencia<\/strong> en la <strong>implementaci\u00f3n y personalizaci\u00f3n de aplicaciones Hyperion EPM.<\/strong><\/span><\/p>\n<p><span style=\"font-weight: 400;\">Adem\u00e1s, contamos con un largo recorrido de despliegue y personalizaci\u00f3n de las aplicaciones de <strong>Hyperion EPM<\/strong>, incluyendo:<\/span><\/p>\n<ul>\n<li style=\"font-weight: 400;\"><span style=\"font-weight: 400;\">Essbase<\/span><\/li>\n<li style=\"font-weight: 400;\"><span style=\"font-weight: 400;\">Hyperion Planning<\/span><\/li>\n<li style=\"font-weight: 400;\"><span style=\"font-weight: 400;\">Hyperion Financial Management<\/span><\/li>\n<li style=\"font-weight: 400;\"><span style=\"font-weight: 400;\">Hyperion Workforce Planning<\/span><\/li>\n<li style=\"font-weight: 400;\"><span style=\"font-weight: 400;\">Hyperion SmartView<\/span><\/li>\n<li style=\"font-weight: 400;\"><span style=\"font-weight: 400;\">Hyperion Financial Data Quality Management<\/span><\/li>\n<li style=\"font-weight: 400;\"><span style=\"font-weight: 400;\">Hyperion Strategic Finance<\/span><\/li>\n<\/ul>\n<p><span style=\"font-weight: 400;\">Con Oracle Hyperion podr\u00e1s llevar a cabo an\u00e1lisis exhaustivos de tus operaciones y utilizar esta informaci\u00f3n para realizar previsiones, sin duda, la mejor soluci\u00f3n para la planificaci\u00f3n financiera y operativa de tu empresa.<\/span>[\/vc_column_text][\/vc_column][\/vc_row][vc_row][vc_column][vc_empty_space height=\u00bb150px\u00bb][\/vc_column][\/vc_row]<\/p>\n","protected":false},"excerpt":{"rendered":"<p>[vc_row][vc_column][vc_empty_space height=\u00bb100px\u00bb][\/vc_column][\/vc_row][vc_row][vc_column width=\u00bb1\/4&#8243;][vc_single_image image=\u00bb4318&#8243; img_size=\u00bbfull\u00bb el_class=\u00bbservice-in-image\u00bb][\/vc_column][vc_column width=\u00bb3\/4&#8243;][vc_column_text]En Inttao ofrecemos soluciones y asesoramiento de expertos en todo el rango de productos y servicios de Oracle, tanto en la nube como en sus oficinas. Desde nuevas implementaciones hasta productos totalmente personalizados para satisfacer as\u00ed, las necesidades de tu empresa. Adem\u00e1s, abordamos los proyectos m\u00e1s complejos, ofreciendo siempre&#8230;<\/p>\n","protected":false},"author":1,"featured_media":4344,"parent":3586,"menu_order":0,"comment_status":"closed","ping_status":"closed","template":"visual-composer.php","meta":[],"_links":{"self":[{"href":"https:\/\/www.inttao.com\/es\/wp-json\/wp\/v2\/pages\/3664"}],"collection":[{"href":"https:\/\/www.inttao.com\/es\/wp-json\/wp\/v2\/pages"}],"about":[{"href":"https:\/\/www.inttao.com\/es\/wp-json\/wp\/v2\/types\/page"}],"author":[{"embeddable":true,"href":"https:\/\/www.inttao.com\/es\/wp-json\/wp\/v2\/users\/1"}],"replies":[{"embeddable":true,"href":"https:\/\/www.inttao.com\/es\/wp-json\/wp\/v2\/comments?post=3664"}],"version-history":[{"count":16,"href":"https:\/\/www.inttao.com\/es\/wp-json\/wp\/v2\/pages\/3664\/revisions"}],"predecessor-version":[{"id":4645,"href":"https:\/\/www.inttao.com\/es\/wp-json\/wp\/v2\/pages\/3664\/revisions\/4645"}],"up":[{"embeddable":true,"href":"https:\/\/www.inttao.com\/es\/wp-json\/wp\/v2\/pages\/3586"}],"wp:featuredmedia":[{"embeddable":true,"href":"https:\/\/www.inttao.com\/es\/wp-json\/wp\/v2\/media\/4344"}],"wp:attachment":[{"href":"https:\/\/www.inttao.com\/es\/wp-json\/wp\/v2\/media?parent=3664"}],"curies":[{"name":"wp","href":"https:\/\/api.w.org\/{rel}","templated":true}]}}