{"id":3586,"date":"2017-05-25T13:36:11","date_gmt":"2017-05-25T13:36:11","guid":{"rendered":"http:\/\/devel.webpartners.es\/inttao\/?page_id=3586"},"modified":"2017-11-24T22:15:17","modified_gmt":"2017-11-24T22:15:17","slug":"servicios","status":"publish","type":"page","link":"https:\/\/www.inttao.com\/es\/servicios\/","title":{"rendered":"Servicios"},"content":{"rendered":"<p>[vc_row full_width=\u00bbstretch_row\u00bb parallax=\u00bbcontent-moving-fade\u00bb css_animation=\u00bbfadeInDown\u00bb css=\u00bb.vc_custom_1492508022207{padding-top: 50px !important;padding-bottom: 50px !important;}\u00bb][vc_column css=\u00bb.vc_custom_1486453370755{padding-top: 0px !important;}\u00bb][vc_empty_space height=\u00bb35px\u00bb]<div class=\"promo-block \">\n                \t<div class=\"promo-text\">Analytics<\/div>\n                \t<div class=\"promo-paragraph\"><\/div>\n                \t<div class=\"center-line\"><\/div>\n              <\/div>[vc_row_inner css=\u00bb.vc_custom_1485859746430{padding-top: 0px !important;}\u00bb][vc_column_inner width=\u00bb1\/3&#8243; css=\u00bb.vc_custom_1486455424624{padding-top: 10px !important;}\u00bb][vc_single_image image=\u00bb4318&#8243; img_size=\u00bbmedium\u00bb alignment=\u00bbcenter\u00bb el_class=\u00bbservice-logo-image\u00bb][vc_column_text]<\/p>\n<h4 style=\"text-align: center;\">Oracle<\/h4>\n<p style=\"text-align: center;\"><span style=\"font-weight: 400;\">La mejor soluci\u00f3n para la planificaci\u00f3n financiera y operativa de tu empresa, que te permitir\u00e1 analizar al detalle todas tus operaciones y por lo tanto, realizar unas previsiones m\u00e1s precisas para tu negocio.<\/span><\/p>\n<p>[\/vc_column_text][vc_btn title=\u00bbVer m\u00e1s\u00bb style=\u00bbcustom\u00bb custom_background=\u00bb\u00bb custom_text=\u00bb#6c8cd9&#8243; shape=\u00bbsquare\u00bb align=\u00bbcenter\u00bb link=\u00bburl:http%3A%2F%2Fwww.inttao.com%2Fes%2Fservicios%2Foracle%2F|||\u00bb el_class=\u00bbborder_btn\u00bb][\/vc_column_inner][vc_column_inner width=\u00bb1\/3&#8243; css=\u00bb.vc_custom_1486455429766{padding-top: 10px !important;}\u00bb][vc_single_image image=\u00bb4312&#8243; img_size=\u00bbmedium\u00bb alignment=\u00bbcenter\u00bb el_class=\u00bbservice-logo-image\u00bb][vc_column_text]<\/p>\n<h4 style=\"text-align: center;\">Microsoft<\/h4>\n<p style=\"text-align: center;\">En INTTAO contamos con m\u00e1s de 10 a\u00f1os experiencia en implementaci\u00f3n de soluciones Microsoft. Adem\u00e1s, ayudamos a las empresas a seleccionar e implementar la edici\u00f3n correcta de SQL Server.<\/p>\n<p>[\/vc_column_text][vc_btn title=\u00bbVer m\u00e1s\u00bb style=\u00bbcustom\u00bb custom_background=\u00bb\u00bb custom_text=\u00bb#6c8cd9&#8243; shape=\u00bbsquare\u00bb align=\u00bbcenter\u00bb link=\u00bburl:http%3A%2F%2Fwww.inttao.com%2Fes%2Fservicios%2Fmicrosoft%2F|||\u00bb el_class=\u00bbborder_btn\u00bb][\/vc_column_inner][vc_column_inner width=\u00bb1\/3&#8243; css=\u00bb.vc_custom_1486455435942{padding-top: 10px !important;}\u00bb][vc_single_image image=\u00bb4326&#8243; img_size=\u00bbmedium\u00bb alignment=\u00bbcenter\u00bb el_class=\u00bbservice-logo-image\u00bb][vc_column_text]<\/p>\n<h4 style=\"text-align: center;\">Tableau<\/h4>\n<p style=\"text-align: center;\"><span style=\"font-weight: 400;\">Visualiza y analiza todos tus datos al instante. Gracias a la creaci\u00f3n de dashboards interactivos tendr\u00e1s toda tu informaci\u00f3n en un solo lugar para que puedas descubrir nuevas oportunidades y tomar decisiones.<\/span><\/p>\n<p>[\/vc_column_text][vc_btn title=\u00bbVer m\u00e1s\u00bb style=\u00bbcustom\u00bb custom_background=\u00bb\u00bb custom_text=\u00bb#6c8cd9&#8243; shape=\u00bbsquare\u00bb align=\u00bbcenter\u00bb link=\u00bburl:http%3A%2F%2Fwww.inttao.com%2Fes%2Fservicios%2Ftableau%2F|||\u00bb el_class=\u00bbborder_btn\u00bb][\/vc_column_inner][\/vc_row_inner][vc_row_inner css=\u00bb.vc_custom_1485859746430{padding-top: 0px !important;}\u00bb][vc_column_inner width=\u00bb1\/4&#8243; css=\u00bb.vc_custom_1486455424624{padding-top: 10px !important;}\u00bb][\/vc_column_inner][vc_column_inner width=\u00bb1\/4&#8243; css=\u00bb.vc_custom_1486455442501{padding-top: 10px !important;}\u00bb][vc_single_image image=\u00bb4328&#8243; img_size=\u00bbmedium\u00bb alignment=\u00bbcenter\u00bb el_class=\u00bbservice-logo-image\u00bb][vc_column_text]<\/p>\n<h4 style=\"text-align: center;\">Qlik<\/h4>\n<p style=\"text-align: center;\"><span style=\"font-weight: 400;\">Explora todos tus datos libremente y en un solo click. Crea tu propia ruta hacia el conocimiento gracias a Qlik y comp\u00e1rtelo con todos los miembros de tu equipo para que pod\u00e1is tomar decisiones de manera conjunta.<\/span><\/p>\n<p>[\/vc_column_text][vc_btn title=\u00bbVer m\u00e1s\u00bb style=\u00bbcustom\u00bb custom_background=\u00bb\u00bb custom_text=\u00bb#6c8cd9&#8243; shape=\u00bbsquare\u00bb align=\u00bbcenter\u00bb link=\u00bburl:http%3A%2F%2Fwww.inttao.com%2Fes%2Fservicios%2Fqlik%2F|||\u00bb el_class=\u00bbborder_btn\u00bb][\/vc_column_inner][vc_column_inner width=\u00bb1\/4&#8243; css=\u00bb.vc_custom_1486455429766{padding-top: 10px !important;}\u00bb][vc_single_image image=\u00bb4746&#8243; img_size=\u00bbmedium\u00bb alignment=\u00bbcenter\u00bb el_class=\u00bbservice-logo-image\u00bb][vc_column_text]<\/p>\n<h4 style=\"text-align: center;\">Cubus<\/h4>\n<p>La herramienta de visualizaci\u00f3n y an\u00e1lisis de cubus permite integrarnos con Essbase, Cognos, SAP, SSAS y otras plataformas para automatizar tareas de reporting y generar los tableros de control que su empresa necesita.[\/vc_column_text][vc_btn title=\u00bbVer m\u00e1s\u00bb style=\u00bbcustom\u00bb custom_background=\u00bb\u00bb custom_text=\u00bb#6c8cd9&#8243; shape=\u00bbsquare\u00bb align=\u00bbcenter\u00bb link=\u00bburl:http%3A%2F%2Fwww.inttao.com%2Fes%2Fservicios%2Fcubus%2F|||\u00bb el_class=\u00bbborder_btn\u00bb][\/vc_column_inner][vc_column_inner width=\u00bb1\/4&#8243; css=\u00bb.vc_custom_1486455435942{padding-top: 10px !important;}\u00bb][\/vc_column_inner][\/vc_row_inner][vc_empty_space height=\u00bb50px\u00bb][\/vc_column][\/vc_row][vc_row full_width=\u00bbstretch_row\u00bb parallax=\u00bbcontent-moving-fade\u00bb css_animation=\u00bbfadeInDown\u00bb css=\u00bb.vc_custom_1496994716339{padding-top: 50px !important;padding-bottom: 50px !important;background-color: #efefef !important;}\u00bb][vc_column css=\u00bb.vc_custom_1486453370755{padding-top: 0px !important;}\u00bb][vc_empty_space height=\u00bb35px\u00bb]<div class=\"promo-block \">\n                \t<div class=\"promo-text\">Cloud<\/div>\n                \t<div class=\"promo-paragraph\"><\/div>\n                \t<div class=\"center-line\"><\/div>\n              <\/div>[vc_empty_space height=\u00bb15px\u00bb][vc_row_inner css=\u00bb.vc_custom_1485859746430{padding-top: 0px !important;}\u00bb][vc_column_inner width=\u00bb1\/4&#8243; css=\u00bb.vc_custom_1486455424624{padding-top: 10px !important;}\u00bb][vc_single_image image=\u00bb4310&#8243; img_size=\u00bbmedium\u00bb alignment=\u00bbcenter\u00bb el_class=\u00bbservice-logo-image\u00bb][vc_column_text]<\/p>\n<h4 style=\"text-align: center;\">Azure<\/h4>\n<p style=\"text-align: center;\"><span style=\"font-weight: 400;\">Crea, implementa y administra aplicaciones mediante la red global de centros de datos, utilizando las herramientas y tecnolog\u00edas de c\u00f3digo abierto que prefieras y\u00a0<\/span><span style=\"font-weight: 400;\">maximizando la portabilidad y el valor de tus inversiones.<\/span><\/p>\n<p>[\/vc_column_text][vc_btn title=\u00bbVer m\u00e1s\u00bb style=\u00bbcustom\u00bb custom_background=\u00bb\u00bb custom_text=\u00bb#6c8cd9&#8243; shape=\u00bbsquare\u00bb align=\u00bbcenter\u00bb link=\u00bburl:http%3A%2F%2Fwww.inttao.com%2Fes%2Fservicios%2Fazure%2F|||\u00bb el_class=\u00bbborder_btn\u00bb][\/vc_column_inner][vc_column_inner width=\u00bb1\/4&#8243; css=\u00bb.vc_custom_1486455429766{padding-top: 10px !important;}\u00bb][vc_single_image image=\u00bb4316&#8243; img_size=\u00bbmedium\u00bb alignment=\u00bbcenter\u00bb el_class=\u00bbservice-logo-image\u00bb][vc_column_text]<\/p>\n<h4 style=\"text-align: center;\">Office 365<\/h4>\n<p style=\"text-align: center;\"><span style=\"font-weight: 400;\">Con Office 365 podr\u00e1s disponer de las herramientas m\u00e1s actualizadas de Microsoft, adem\u00e1s de servicios \u00fanicos y especiales para empresas, como conferencias web de Skype Empresarial o correo electr\u00f3nico hospedado de Exchange Online.<\/span><\/p>\n<p>[\/vc_column_text][vc_btn title=\u00bbVer m\u00e1s\u00bb style=\u00bbcustom\u00bb custom_background=\u00bb\u00bb custom_text=\u00bb#6c8cd9&#8243; shape=\u00bbsquare\u00bb align=\u00bbcenter\u00bb link=\u00bburl:http%3A%2F%2Fwww.inttao.com%2Fes%2Fservicios%2Foffice-365%2F|||\u00bb el_class=\u00bbborder_btn\u00bb][\/vc_column_inner][vc_column_inner width=\u00bb1\/4&#8243; css=\u00bb.vc_custom_1486455435942{padding-top: 10px !important;}\u00bb][vc_single_image image=\u00bb4322&#8243; img_size=\u00bbmedium\u00bb alignment=\u00bbcenter\u00bb el_class=\u00bbservice-logo-image\u00bb][vc_column_text]<\/p>\n<h4 style=\"text-align: center;\">SharePoint<\/h4>\n<p style=\"text-align: center;\"><span style=\"font-weight: 400;\">Empieza ahora y crea tu propio sitio web con SharePoint. <\/span><span style=\"font-weight: 400;\">Podr\u00e1s almacenar, organizar y compartir toda la informaci\u00f3n que desees desde cualquier tipo de dispositivo y adem\u00e1s, acceder a ella de la forma m\u00e1s r\u00e1pida, segura y eficaz.<\/span><\/p>\n<p>[\/vc_column_text][vc_btn title=\u00bbVer m\u00e1s\u00bb style=\u00bbcustom\u00bb custom_background=\u00bb\u00bb custom_text=\u00bb#6c8cd9&#8243; shape=\u00bbsquare\u00bb align=\u00bbcenter\u00bb link=\u00bburl:http%3A%2F%2Fwww.inttao.com%2Fes%2Fsharepoint%2F|||\u00bb el_class=\u00bbborder_btn\u00bb][\/vc_column_inner][vc_column_inner width=\u00bb1\/4&#8243; css=\u00bb.vc_custom_1486455442501{padding-top: 10px !important;}\u00bb][vc_single_image image=\u00bb4306&#8243; img_size=\u00bbmedium\u00bb alignment=\u00bbcenter\u00bb el_class=\u00bbservice-logo-image\u00bb][vc_column_text]<\/p>\n<h4 style=\"text-align: center;\">AWS<\/h4>\n<p style=\"text-align: center;\"><span style=\"font-weight: 400;\">Aprovecha todos los productos y soluciones que te ofrece la nube de AWS para crear aplicaciones sofisticadas y hacer crecer a tu empresa. Potencia de c\u00f3mputo, opciones de almacenamiento, redes y bases de datos.<\/span><\/p>\n<p>[\/vc_column_text][vc_btn title=\u00bbVer m\u00e1s\u00bb style=\u00bbcustom\u00bb custom_background=\u00bb\u00bb custom_text=\u00bb#6c8cd9&#8243; shape=\u00bbsquare\u00bb align=\u00bbcenter\u00bb link=\u00bburl:http%3A%2F%2Fwww.inttao.com%2Fes%2Fservicios%2Famazon-web-services%2F|||\u00bb el_class=\u00bbborder_btn\u00bb][\/vc_column_inner][\/vc_row_inner][vc_empty_space height=\u00bb50px\u00bb][\/vc_column][\/vc_row][vc_row full_width=\u00bbstretch_row\u00bb parallax=\u00bbcontent-moving-fade\u00bb css_animation=\u00bbfadeInDown\u00bb css=\u00bb.vc_custom_1492508022207{padding-top: 50px !important;padding-bottom: 50px !important;}\u00bb][vc_column css=\u00bb.vc_custom_1486453370755{padding-top: 0px !important;}\u00bb][vc_empty_space height=\u00bb35px\u00bb]<div class=\"promo-block \">\n                \t<div class=\"promo-text\">Custom App Development<\/div>\n                \t<div class=\"promo-paragraph\"><\/div>\n                \t<div class=\"center-line\"><\/div>\n              <\/div>[vc_row_inner css=\u00bb.vc_custom_1485859746430{padding-top: 0px !important;}\u00bb][vc_column_inner width=\u00bb1\/4&#8243; css=\u00bb.vc_custom_1486455424624{padding-top: 10px !important;}\u00bb][\/vc_column_inner][vc_column_inner width=\u00bb1\/4&#8243; css=\u00bb.vc_custom_1486455429766{padding-top: 10px !important;}\u00bb][vc_single_image image=\u00bb4308&#8243; img_size=\u00bbmedium\u00bb alignment=\u00bbcenter\u00bb el_class=\u00bbservice-logo-image\u00bb][vc_column_text]<\/p>\n<h4 style=\"text-align: center;\">Java<\/h4>\n<p style=\"text-align: center;\"><span style=\"font-weight: 400;\">Plataforma para desarrollo de aplicaciones empresariales multicapa. Una plataforma est\u00e1ndar, estable, modular y escalable.<\/span><\/p>\n<p>[\/vc_column_text][vc_btn title=\u00bbVer m\u00e1s\u00bb style=\u00bbcustom\u00bb custom_background=\u00bb\u00bb custom_text=\u00bb#6c8cd9&#8243; shape=\u00bbsquare\u00bb align=\u00bbcenter\u00bb link=\u00bburl:http%3A%2F%2Fwww.inttao.com%2Fes%2Fservicios%2Fjava%2F|||\u00bb el_class=\u00bbborder_btn\u00bb][\/vc_column_inner][vc_column_inner width=\u00bb1\/4&#8243; css=\u00bb.vc_custom_1486455435942{padding-top: 10px !important;}\u00bb][vc_single_image image=\u00bb4314&#8243; img_size=\u00bbmedium\u00bb alignment=\u00bbcenter\u00bb el_class=\u00bbservice-logo-image\u00bb][vc_column_text]<\/p>\n<h4 style=\"text-align: center;\">.NET<\/h4>\n<p style=\"text-align: center;\"><span style=\"font-weight: 400;\">Framework para el desarrollo de aplicaciones empresariales. Desarrollo r\u00e1pido, interoperatibilidad e independencia del hardware.<\/span><\/p>\n<p>[\/vc_column_text][vc_btn title=\u00bbVer m\u00e1s\u00bb style=\u00bbcustom\u00bb custom_background=\u00bb\u00bb custom_text=\u00bb#6c8cd9&#8243; shape=\u00bbsquare\u00bb align=\u00bbcenter\u00bb link=\u00bburl:http%3A%2F%2Fwww.inttao.com%2Fes%2Fservicios%2Fnet%2F|||\u00bb el_class=\u00bbborder_btn\u00bb][\/vc_column_inner][vc_column_inner width=\u00bb1\/4&#8243; css=\u00bb.vc_custom_1486455442501{padding-top: 10px !important;}\u00bb][\/vc_column_inner][\/vc_row_inner][\/vc_column][\/vc_row][vc_row][vc_column][vc_column_text]<\/p>\n<p style=\"text-align: center;\"><a href=\"http:\/\/www.inttao.com\/es\/contacto\/\" target=\"_blank\" rel=\"noopener noreferrer\">Cont\u00e1ctenos<\/a> para una asesor\u00eda sin cargo o si desea realizar una prueba sin cargo de algunas de las plataformas de Business Intelligence<\/p>\n<p>\u00a0[\/vc_column_text][\/vc_column][\/vc_row][vc_row][vc_column][vc_empty_space height=\u00bb100px\u00bb][\/vc_column][\/vc_row]<\/p>\n","protected":false},"excerpt":{"rendered":"<p>[vc_row full_width=\u00bbstretch_row\u00bb parallax=\u00bbcontent-moving-fade\u00bb css_animation=\u00bbfadeInDown\u00bb css=\u00bb.vc_custom_1492508022207{padding-top: 50px !important;padding-bottom: 50px !important;}\u00bb][vc_column css=\u00bb.vc_custom_1486453370755{padding-top: 0px !important;}\u00bb][vc_empty_space height=\u00bb35px\u00bb][vc_row_inner css=\u00bb.vc_custom_1485859746430{padding-top: 0px !important;}\u00bb][vc_column_inner width=\u00bb1\/3&#8243; css=\u00bb.vc_custom_1486455424624{padding-top: 10px !important;}\u00bb][vc_single_image image=\u00bb4318&#8243; img_size=\u00bbmedium\u00bb alignment=\u00bbcenter\u00bb el_class=\u00bbservice-logo-image\u00bb][vc_column_text] Oracle La mejor soluci\u00f3n para la planificaci\u00f3n financiera y operativa de tu empresa, que te permitir\u00e1 analizar al detalle todas tus operaciones y por lo tanto, realizar unas previsiones m\u00e1s precisas&#8230;<\/p>\n","protected":false},"author":1,"featured_media":4344,"parent":0,"menu_order":0,"comment_status":"closed","ping_status":"closed","template":"visual-composer.php","meta":[],"_links":{"self":[{"href":"https:\/\/www.inttao.com\/es\/wp-json\/wp\/v2\/pages\/3586"}],"collection":[{"href":"https:\/\/www.inttao.com\/es\/wp-json\/wp\/v2\/pages"}],"about":[{"href":"https:\/\/www.inttao.com\/es\/wp-json\/wp\/v2\/types\/page"}],"author":[{"embeddable":true,"href":"https:\/\/www.inttao.com\/es\/wp-json\/wp\/v2\/users\/1"}],"replies":[{"embeddable":true,"href":"https:\/\/www.inttao.com\/es\/wp-json\/wp\/v2\/comments?post=3586"}],"version-history":[{"count":63,"href":"https:\/\/www.inttao.com\/es\/wp-json\/wp\/v2\/pages\/3586\/revisions"}],"predecessor-version":[{"id":4754,"href":"https:\/\/www.inttao.com\/es\/wp-json\/wp\/v2\/pages\/3586\/revisions\/4754"}],"wp:featuredmedia":[{"embeddable":true,"href":"https:\/\/www.inttao.com\/es\/wp-json\/wp\/v2\/media\/4344"}],"wp:attachment":[{"href":"https:\/\/www.inttao.com\/es\/wp-json\/wp\/v2\/media?parent=3586"}],"curies":[{"name":"wp","href":"https:\/\/api.w.org\/{rel}","templated":true}]}}