{"id":3582,"date":"2017-05-25T13:34:09","date_gmt":"2017-05-25T13:34:09","guid":{"rendered":"http:\/\/devel.webpartners.es\/inttao\/?page_id=3582"},"modified":"2019-06-05T22:38:26","modified_gmt":"2019-06-05T22:38:26","slug":"sobre-nosotros","status":"publish","type":"page","link":"https:\/\/www.inttao.com\/es\/sobre-nosotros\/","title":{"rendered":"Sobre Nosotros"},"content":{"rendered":"<p>[vc_row][vc_column][vc_empty_space height=\u00bb100px\u00bb][\/vc_column][\/vc_row][vc_row][vc_column]<div class=\"promo-block \">\n                \t<div class=\"promo-text\">La mejor soluci\u00f3n para tu negocio<\/div>\n                \t<div class=\"promo-paragraph\"><\/div>\n                \t<div class=\"center-line\"><\/div>\n              <\/div>[vc_empty_space height=\u00bb20px\u00bb][\/vc_column][\/vc_row][vc_row equal_height=\u00bbyes\u00bb][vc_column][vc_row_inner css=\u00bb.vc_custom_1489061705922{margin-top: 11px !important;}\u00bb][vc_column_inner width=\u00bb1\/2&#8243;][vc_column_text]<\/p>\n<p><span style=\"font-weight: 400;\">Desde el a\u00f1o 2003 ofrecemos\u00a0servicios personalizados a empresas de todo tipo para que mejoren sus procesos y tomen decisiones bas\u00e1ndose \u200b\u200ben datos, con el fin de reducir sus costes y generar la m\u00e1xima rentabilidad.<\/span><\/p>\n<p><span style=\"font-weight: 400;\">Abarcamos diferentes \u00e1reas funcionales, desde departamentos IT (estrategia de datos, aprendizaje autom\u00e1tico, User Experience, visualizaci\u00f3n de datos y servicios de plataforma gestionada), hasta departamentos de negocio (modelos de negocios, optimizaci\u00f3n de marketing, FP&amp;A, GRC y planificaci\u00f3n estrat\u00e9gica).<\/span><\/p>\n<p><span style=\"font-weight: 400;\">Trabajamos con los principales sistemas empresariales como SAP, Oracle, IBM, Salesforce y Microsoft, entre otros, y con los \u00faltimos proveedores de software de Business Intelligence, como Tableau, MicroStrategy, Knime, QlikView y Cubus.<\/span><\/p>\n<p><span style=\"font-weight: 400;\">En Inttao buscamos mantener relaciones directas, personalizadas y a largo plazo con nuestros clientes, centr\u00e1ndonos en sus objetivos de negocio para maximizar los beneficios de sus inversiones tecnol\u00f3gicas.<\/span><\/p>\n<p><span style=\"font-weight: 400;\">Ponte en contacto con nosotros, aprovecha el valor de tus datos y empieza a tomar decisiones eficaces ahora.<\/span>[\/vc_column_text][vc_empty_space height=\u00bb15px\u00bb][\/vc_column_inner][\/vc_row_inner][vc_empty_space height=\u00bb100px\u00bb][\/vc_column][\/vc_row][vc_row full_width=\u00bbstretch_row\u00bb css=\u00bb.vc_custom_1496994759728{padding-bottom: 240px !important;background-color: #efefef !important;}\u00bb][vc_column el_class=\u00bbabout-us-section-row\u00bb][vc_empty_space height=\u00bb70px\u00bb]<div class=\"promo-block \">\n                \t<div class=\"promo-text\">Conoce nuestro equipo<\/div>\n                \t<div class=\"promo-paragraph\"><\/div>\n                \t<div class=\"center-line\"><\/div>\n              <\/div>[vc_empty_space height=\u00bb45px\u00bb][vc_row_inner css=\u00bb.vc_custom_1495631460733{background-color: #ffffff !important;}\u00bb][vc_column_inner width=\u00bb1\/2&#8243; css=\u00bb.vc_custom_1495635834331{background-color: #ffffff !important;}\u00bb][vc_column_text css=\u00bb.vc_custom_1507133496639{padding-top: 10px !important;padding-right: 30px !important;padding-bottom: 15px !important;padding-left: 30px !important;background-color: #ffffff !important;}\u00bb el_class=\u00bbabout-us-text\u00bb]<strong>Julio M. Arro Fritzler<\/strong><\/p>\n<p>Julio, cofundador de Inttao, es licenciado en Ingenier\u00eda Inform\u00e1tica por la Universidad de Buenos Aires, en Argentina, y cuenta con m\u00e1s de diez a\u00f1os de experiencia en el sector.<\/p>\n<p>Gestiona todos los servicios de desarrollo de software. \u00c9l y su equipo tienen una gran experiencia en tecnolog\u00edas como Microsoft SQL, Oracle, desarrollo OLAP, Essbase, .Net, Java y C#, entre otras.\u201d<\/p>\n<p>[\/vc_column_text][vc_icon icon_fontawesome=\u00bbfa fa-linkedin-square\u00bb css=\u00bb.vc_custom_1507133516080{padding-left: 15px !important;}\u00bb link=\u00bburl:https%3A%2F%2Fwww.linkedin.com%2Fin%2Fjulio-m-arro-a1b5511%2F%20||target:%20_blank|\u00bb][\/vc_column_inner][\/vc_row_inner][vc_row_inner css=\u00bb.vc_custom_1495631482277{background-color: #ffffff !important;}\u00bb][vc_column_inner width=\u00bb1\/2&#8243; css=\u00bb.vc_custom_1495629806529{background-color: #ffffff !important;}\u00bb][vc_column_text css=\u00bb.vc_custom_1507133565426{padding-top: 10px !important;padding-right: 30px !important;padding-bottom: 15px !important;padding-left: 30px !important;}\u00bb el_class=\u00bbabout-us-text\u00bb]<strong>Henry Guitart Laguna<\/strong><\/p>\n<p>Henry, cofundador de Inttao, se encarga de la parte anal\u00edtica y Business Intelligence.<\/p>\n<p>Es licenciado en Ingenier\u00eda en Telecomunicaciones por la Universitat Polit\u00e9cnica de Catalunya, en Barcelona, y antes de fundar Inttao, fue cofundador de AventuraSoft, una empresa de Business Intelligence y desarrollo de software, especializada en soluciones para constructores de viviendas y el sector de la banca.<\/p>\n<p>Adem\u00e1s, previamente fue director y consultor principal de Intelledata, una empresa de Business Intelligence especializada en soluciones financieras. Y en los \u00faltimos siete a\u00f1os, ha prestado servicios de soporte de aplicaciones y Business Intelligence para The Baker Companies<strong>.<\/strong><\/p>\n<p>[\/vc_column_text][vc_icon icon_fontawesome=\u00bbfa fa-linkedin-square\u00bb css=\u00bb.vc_custom_1507133588889{padding-left: 15px !important;}\u00bb link=\u00bburl:https%3A%2F%2Fwww.linkedin.com%2Fin%2Fenriqueguitart%2F||target:%20_blank|\u00bb][\/vc_column_inner][\/vc_row_inner][vc_row_inner css=\u00bb.vc_custom_1495631499006{background-color: #ffffff !important;}\u00bb][vc_column_inner width=\u00bb1\/2&#8243; css=\u00bb.vc_custom_1495630568498{background-color: #ffffff !important;}\u00bb][vc_column_text css=\u00bb.vc_custom_1496302643977{padding-top: 10px !important;padding-right: 30px !important;padding-bottom: 15px !important;padding-left: 30px !important;background-color: #ffffff !important;}\u00bb el_class=\u00bbabout-us-text\u00bb]<strong>Roy Jones<\/strong><\/p>\n<p><span style=\"font-weight: 400;\">Roy Jones dirige el departamento de Infraestructura y Soporte de Inttao. Cuenta con m\u00e1s de quince a\u00f1os de experiencia en la administraci\u00f3n de entornos y redes de Microsoft. Tambi\u00e9n tiene un s\u00f3lido conocimiento en la administraci\u00f3n de SQL Server, la creaci\u00f3n y depuraci\u00f3n de procesos ETL, la plataforma Microsoft Azure (servidores virtuales, VPN, bases de datos y servicios) y la administraci\u00f3n de Office 365, incluyendo SharePoint Online.<\/span><\/p>\n<p><span style=\"font-weight: 400;\">Cuenta con el certificado de Microsoft Windows, Essbase y los ecosistemas de la nube.<\/span>[\/vc_column_text][\/vc_column_inner][\/vc_row_inner][\/vc_column][\/vc_row][vc_row css=\u00bb.vc_custom_1475092268238{margin-top: 40px !important;}\u00bb][vc_column]<div class=\"promo-block \">\n                \t<div class=\"promo-text\">Partners<\/div>\n                \t<div class=\"promo-paragraph\"><\/div>\n                \t<div class=\"center-line\"><\/div>\n              <\/div><style>#clients { padding:0px 0px;}#clients .owl-nav .owl-prev, #clients .owl-nav .owl-next { margin-top:15px !important; } #clients .owl-nav .owl-prev, #clients .owl-nav .owl-next i {color:}<\/style><div class=\"owl-carousel  \" data-icon-size=\"50px\" data-color-hover=\"\" data-arrows=\"true\" data-dots=\"false\"  data-color=\"\" class=\"insomnia_owl_slider\" id=\"clients\"><img width=\"200\" height=\"63\" src=\"https:\/\/www.inttao.com\/wp-content\/uploads\/2016\/08\/4leaders.png\" class=\"attachment-img-responsive logos  size-img-responsive logos \" alt=\"\" loading=\"lazy\" \/><img width=\"250\" height=\"91\" src=\"https:\/\/www.inttao.com\/wp-content\/uploads\/2016\/08\/cubus.png\" class=\"attachment-img-responsive logos  size-img-responsive logos \" alt=\"\" loading=\"lazy\" \/><img width=\"250\" height=\"91\" src=\"https:\/\/www.inttao.com\/wp-content\/uploads\/2016\/08\/qlik.png\" class=\"attachment-img-responsive logos  size-img-responsive logos \" alt=\"\" loading=\"lazy\" \/><img width=\"250\" height=\"91\" src=\"https:\/\/www.inttao.com\/wp-content\/uploads\/2016\/08\/knime.png\" class=\"attachment-img-responsive logos  size-img-responsive logos \" alt=\"\" loading=\"lazy\" \/><img width=\"250\" height=\"91\" src=\"https:\/\/www.inttao.com\/wp-content\/uploads\/2016\/08\/microstrategy.png\" class=\"attachment-img-responsive logos  size-img-responsive logos \" alt=\"\" loading=\"lazy\" \/><img width=\"250\" height=\"91\" src=\"https:\/\/www.inttao.com\/wp-content\/uploads\/2016\/08\/sap.png\" class=\"attachment-img-responsive logos  size-img-responsive logos \" alt=\"\" loading=\"lazy\" \/><img width=\"250\" height=\"91\" src=\"https:\/\/www.inttao.com\/wp-content\/uploads\/2016\/08\/microsoft.png\" class=\"attachment-img-responsive logos  size-img-responsive logos \" alt=\"\" loading=\"lazy\" \/><img width=\"250\" height=\"91\" src=\"https:\/\/www.inttao.com\/wp-content\/uploads\/2016\/08\/oracle.png\" class=\"attachment-img-responsive logos  size-img-responsive logos \" alt=\"\" loading=\"lazy\" \/><\/div><script>\njQuery(window).load(function(){\n\t\tjQuery(\"#clients\").owlCarousel({\n\t\t\tloop:true,\n\t\t\tautoplay:false,\n\t\t\tmargin:0,\n\t\t\tnav:true,\n\t\t\tautoHeight: true,\n\t\t\tautoplayTimeout:3000,\n\t\t\tdots:false,\n\t\t\tnavText:[,],\n\t\t\tresponsive: {\n\t\t\t\t0: {\n\t\t\t\t\tmargin: 0,\n\t\t\t\t\titems: 1\n\t\t\t\t},\n\t\t\t\t600: {\n\t\t\t\t\tmargin: 0,\n\t\t\t\t\titems: 3\n\t\t\t\t},\n\t\t\t\t800: {\n\t\t\t\t\tmargin: 0,\n\t\t\t\t\titems: 4\n\t\t\t\t},\n\t\t\t\t1200: {\n\t\t\t\t\tmargin: 0,\n\t\t\t\t\titems: 5\n\t\t\t\t},\n\t\t\t\t1400: {\n\t\t\t\t\tmargin: 0,\n\t\t\t\t\titems: 5\n\t\t\t\t}\n\t\t\t}\n\t\t});\n\t\t});\n\t<\/script>[\/vc_column][\/vc_row][vc_row][vc_column][vc_empty_space height=\u00bb100px\u00bb][\/vc_column][\/vc_row]<\/p>\n","protected":false},"excerpt":{"rendered":"<p>[vc_row][vc_column][vc_empty_space height=\u00bb100px\u00bb][\/vc_column][\/vc_row][vc_row][vc_column][vc_empty_space height=\u00bb20px\u00bb][\/vc_column][\/vc_row][vc_row equal_height=\u00bbyes\u00bb][vc_column][vc_row_inner css=\u00bb.vc_custom_1489061705922{margin-top: 11px !important;}\u00bb][vc_column_inner width=\u00bb1\/2&#8243;][vc_column_text] Desde el a\u00f1o 2003 ofrecemos\u00a0servicios personalizados a empresas de todo tipo para que mejoren sus procesos y tomen decisiones bas\u00e1ndose \u200b\u200ben datos, con el fin de reducir sus costes y generar la m\u00e1xima rentabilidad. Abarcamos diferentes \u00e1reas funcionales, desde departamentos IT (estrategia de datos, aprendizaje autom\u00e1tico, User&#8230;<\/p>\n","protected":false},"author":1,"featured_media":4347,"parent":0,"menu_order":0,"comment_status":"closed","ping_status":"closed","template":"visual-composer.php","meta":[],"_links":{"self":[{"href":"https:\/\/www.inttao.com\/es\/wp-json\/wp\/v2\/pages\/3582"}],"collection":[{"href":"https:\/\/www.inttao.com\/es\/wp-json\/wp\/v2\/pages"}],"about":[{"href":"https:\/\/www.inttao.com\/es\/wp-json\/wp\/v2\/types\/page"}],"author":[{"embeddable":true,"href":"https:\/\/www.inttao.com\/es\/wp-json\/wp\/v2\/users\/1"}],"replies":[{"embeddable":true,"href":"https:\/\/www.inttao.com\/es\/wp-json\/wp\/v2\/comments?post=3582"}],"version-history":[{"count":38,"href":"https:\/\/www.inttao.com\/es\/wp-json\/wp\/v2\/pages\/3582\/revisions"}],"predecessor-version":[{"id":4795,"href":"https:\/\/www.inttao.com\/es\/wp-json\/wp\/v2\/pages\/3582\/revisions\/4795"}],"wp:featuredmedia":[{"embeddable":true,"href":"https:\/\/www.inttao.com\/es\/wp-json\/wp\/v2\/media\/4347"}],"wp:attachment":[{"href":"https:\/\/www.inttao.com\/es\/wp-json\/wp\/v2\/media?parent=3582"}],"curies":[{"name":"wp","href":"https:\/\/api.w.org\/{rel}","templated":true}]}}